{"id":251,"date":"2013-02-18T20:28:54","date_gmt":"2013-02-18T20:28:54","guid":{"rendered":"http:\/\/test.kontrapunkte-berlin.de\/?page_id=251"},"modified":"2020-10-09T12:13:53","modified_gmt":"2020-10-09T10:13:53","slug":"kontakt","status":"publish","type":"page","link":"https:\/\/kontrapunkte-berlin.de\/?page_id=251","title":{"rendered":"Kontakt"},"content":{"rendered":"<p style=\"text-align: center;\"><a href=\"http:\/\/test.kontrapunkte-berlin.de\/wp-content\/uploads\/2013\/02\/probe-tasche-noten1.jpg\"><img loading=\"lazy\" decoding=\"async\" class=\"alignnone size-medium wp-image-18\" src=\"http:\/\/test.kontrapunkte-berlin.de\/wp-content\/uploads\/2013\/02\/probe-tasche-noten1-300x225.jpg\" alt=\"probe-tasche-noten\" width=\"300\" height=\"225\" srcset=\"https:\/\/kontrapunkte-berlin.de\/wp-content\/uploads\/2013\/02\/probe-tasche-noten1-300x225.jpg 300w, https:\/\/kontrapunkte-berlin.de\/wp-content\/uploads\/2013\/02\/probe-tasche-noten1-250x188.jpg 250w, https:\/\/kontrapunkte-berlin.de\/wp-content\/uploads\/2013\/02\/probe-tasche-noten1-400x300.jpg 400w, https:\/\/kontrapunkte-berlin.de\/wp-content\/uploads\/2013\/02\/probe-tasche-noten1.jpg 640w\" sizes=\"auto, (max-width: 300px) 100vw, 300px\" \/><\/a><\/p>\n<p style=\"text-align: center;\">Ten\u00f6re oder B\u00e4sse, die m\u00f6glichst etwas Chorerfahrung haben und daran interessiert sind, bei uns mitzusingen, melden sich bitte bei:<\/p>\n<p style=\"text-align: center;\">&nbsp;info [at] kontrapunkte-berlin.de<\/p>\n<p style=\"margin: 0cm; margin-bottom: .0001pt;\"><span style=\"font-size: 10.0pt; font-family: 'Arial','sans-serif'; color: black;\">Wenn Sie uns eine E-Mail senden, so erheben, speichern und verarbeiten wir Ihre Daten nur, soweit dies f\u00fcr die Abwicklung Ihrer Anfragen und f\u00fcr die Korrespondenz mit Ihnen erforderlich ist. Wir behandeln Ihre Daten entsprechend den Bestimmungen des Datenschutzrechts und treffen gr\u00f6\u00dftm\u00f6gliche Vorkehrungen f\u00fcr deren Sicherheit. <\/span><\/p>\n<p>Ihre Daten werden gel\u00f6scht, sobald sie f\u00fcr die Erreichung des Zweckes ihrer Erhebung nicht mehr erforderlich sind.<\/p>\n","protected":false},"excerpt":{"rendered":"<p>Ten\u00f6re oder B\u00e4sse, die m\u00f6glichst etwas Chorerfahrung haben und daran interessiert sind, bei uns mitzusingen, melden sich bitte bei: &nbsp;info [at] kontrapunkte-berlin.de Wenn Sie uns eine E-Mail senden, so erheben, speichern und verarbeiten wir Ihre Daten nur, soweit dies f\u00fcr <span class=\"excerpt-dots\">&hellip;<\/span> <a class=\"more-link\" href=\"https:\/\/kontrapunkte-berlin.de\/?page_id=251\"><span class=\"more-msg\">Weiterlesen &rarr;<\/span><\/a><\/p>\n","protected":false},"author":3,"featured_media":0,"parent":253,"menu_order":25,"comment_status":"closed","ping_status":"closed","template":"","meta":{"ngg_post_thumbnail":0,"footnotes":""},"class_list":["post-251","page","type-page","status-publish","hentry"],"_links":{"self":[{"href":"https:\/\/kontrapunkte-berlin.de\/index.php?rest_route=\/wp\/v2\/pages\/251","targetHints":{"allow":["GET"]}}],"collection":[{"href":"https:\/\/kontrapunkte-berlin.de\/index.php?rest_route=\/wp\/v2\/pages"}],"about":[{"href":"https:\/\/kontrapunkte-berlin.de\/index.php?rest_route=\/wp\/v2\/types\/page"}],"author":[{"embeddable":true,"href":"https:\/\/kontrapunkte-berlin.de\/index.php?rest_route=\/wp\/v2\/users\/3"}],"replies":[{"embeddable":true,"href":"https:\/\/kontrapunkte-berlin.de\/index.php?rest_route=%2Fwp%2Fv2%2Fcomments&post=251"}],"version-history":[{"count":7,"href":"https:\/\/kontrapunkte-berlin.de\/index.php?rest_route=\/wp\/v2\/pages\/251\/revisions"}],"predecessor-version":[{"id":2956,"href":"https:\/\/kontrapunkte-berlin.de\/index.php?rest_route=\/wp\/v2\/pages\/251\/revisions\/2956"}],"up":[{"embeddable":true,"href":"https:\/\/kontrapunkte-berlin.de\/index.php?rest_route=\/wp\/v2\/pages\/253"}],"wp:attachment":[{"href":"https:\/\/kontrapunkte-berlin.de\/index.php?rest_route=%2Fwp%2Fv2%2Fmedia&parent=251"}],"curies":[{"name":"wp","href":"https:\/\/api.w.org\/{rel}","templated":true}]}}